{"id":17,"date":"2024-01-17T07:48:27","date_gmt":"2024-01-17T06:48:27","guid":{"rendered":"https:\/\/villafiguesetmangos.fr\/?page_id=17"},"modified":"2024-05-28T08:54:46","modified_gmt":"2024-05-28T06:54:46","slug":"contact","status":"publish","type":"page","link":"https:\/\/villafiguesetmangos.fr\/index.php\/contact\/","title":{"rendered":"Contact"},"content":{"rendered":"\t\t<div data-elementor-type=\"wp-post\" data-elementor-id=\"17\" class=\"elementor elementor-17\" data-elementor-post-type=\"page\">\n\t\t\t\t<div class=\"elementor-element elementor-element-fa4924c e-flex e-con-boxed e-con e-parent\" data-id=\"fa4924c\" data-element_type=\"container\" data-e-type=\"container\">\n\t\t\t\t\t<div class=\"e-con-inner\">\n\t\t\t\t<div class=\"elementor-element elementor-element-bca161a elementor-widget elementor-widget-heading\" data-id=\"bca161a\" data-element_type=\"widget\" data-e-type=\"widget\" data-widget_type=\"heading.default\">\n\t\t\t\t<div class=\"elementor-widget-container\">\n\t\t\t\t\t<h2 class=\"elementor-heading-title elementor-size-default\">Contactez-nous<\/h2>\t\t\t\t<\/div>\n\t\t\t\t<\/div>\n\t\t\t\t<div class=\"elementor-element elementor-element-c29c876 elementor-widget__width-initial elementor-widget elementor-widget-text-editor\" data-id=\"c29c876\" data-element_type=\"widget\" data-e-type=\"widget\" data-widget_type=\"text-editor.default\">\n\t\t\t\t<div class=\"elementor-widget-container\">\n\t\t\t\t\t\t\t\t\t<p>Pour toute r\u00e9servation ou demande d\u2019informations, veuillez compl\u00e9ter le formulaire ci-dessous et nous reviendrons vers vous dans les plus brefs d\u00e9lais.<\/p>\t\t\t\t\t\t\t\t<\/div>\n\t\t\t\t<\/div>\n\t\t\t\t\t<\/div>\n\t\t\t\t<\/div>\n\t\t<div class=\"elementor-element elementor-element-07726d8 e-flex e-con-boxed e-con e-parent\" data-id=\"07726d8\" data-element_type=\"container\" data-e-type=\"container\">\n\t\t\t\t\t<div class=\"e-con-inner\">\n\t\t<div class=\"elementor-element elementor-element-da9f190 e-con-full e-flex e-con e-child\" data-id=\"da9f190\" data-element_type=\"container\" data-e-type=\"container\">\n\t\t\t\t<div class=\"elementor-element elementor-element-cd18f20 elementor-widget elementor-widget-image\" data-id=\"cd18f20\" data-element_type=\"widget\" data-e-type=\"widget\" data-widget_type=\"image.default\">\n\t\t\t\t<div class=\"elementor-widget-container\">\n\t\t\t\t\t\t\t\t\t\t\t\t\t\t\t<img fetchpriority=\"high\" decoding=\"async\" width=\"683\" height=\"1024\" src=\"https:\/\/villafiguesetmangos.fr\/wp-content\/uploads\/2024\/01\/kizoa-team-zZWSfYzQTIQ-unsplash-683x1024.jpg\" class=\"attachment-large size-large wp-image-80\" alt=\"\" srcset=\"https:\/\/villafiguesetmangos.fr\/wp-content\/uploads\/2024\/01\/kizoa-team-zZWSfYzQTIQ-unsplash-683x1024.jpg 683w, https:\/\/villafiguesetmangos.fr\/wp-content\/uploads\/2024\/01\/kizoa-team-zZWSfYzQTIQ-unsplash-200x300.jpg 200w, https:\/\/villafiguesetmangos.fr\/wp-content\/uploads\/2024\/01\/kizoa-team-zZWSfYzQTIQ-unsplash-768x1151.jpg 768w, https:\/\/villafiguesetmangos.fr\/wp-content\/uploads\/2024\/01\/kizoa-team-zZWSfYzQTIQ-unsplash-1025x1536.jpg 1025w, https:\/\/villafiguesetmangos.fr\/wp-content\/uploads\/2024\/01\/kizoa-team-zZWSfYzQTIQ-unsplash-1367x2048.jpg 1367w, https:\/\/villafiguesetmangos.fr\/wp-content\/uploads\/2024\/01\/kizoa-team-zZWSfYzQTIQ-unsplash-scaled.jpg 1708w\" sizes=\"(max-width: 683px) 100vw, 683px\" \/>\t\t\t\t\t\t\t\t\t\t\t\t\t\t\t<\/div>\n\t\t\t\t<\/div>\n\t\t\t\t<div class=\"elementor-element elementor-element-9afbc91 elementor-widget__width-initial elementor-widget elementor-widget-heading\" data-id=\"9afbc91\" data-element_type=\"widget\" data-e-type=\"widget\" data-widget_type=\"heading.default\">\n\t\t\t\t<div class=\"elementor-widget-container\">\n\t\t\t\t\t<h2 class=\"elementor-heading-title elementor-size-default\">Nous n\u2019attendons que vous ! <\/h2>\t\t\t\t<\/div>\n\t\t\t\t<\/div>\n\t\t\t\t<\/div>\n\t\t<div class=\"elementor-element elementor-element-5221771 e-con-full e-flex e-con e-child\" data-id=\"5221771\" data-element_type=\"container\" data-e-type=\"container\">\n\t\t\t\t<div class=\"elementor-element elementor-element-51c23ad elementor-icon-list--layout-traditional elementor-list-item-link-full_width elementor-widget elementor-widget-icon-list\" data-id=\"51c23ad\" data-element_type=\"widget\" data-e-type=\"widget\" data-widget_type=\"icon-list.default\">\n\t\t\t\t<div class=\"elementor-widget-container\">\n\t\t\t\t\t\t\t<ul class=\"elementor-icon-list-items\">\n\t\t\t\t\t\t\t<li class=\"elementor-icon-list-item\">\n\t\t\t\t\t\t\t\t\t\t\t<span class=\"elementor-icon-list-icon\">\n\t\t\t\t\t\t\t<svg aria-hidden=\"true\" class=\"e-font-icon-svg e-fas-envelope\" viewBox=\"0 0 512 512\" xmlns=\"http:\/\/www.w3.org\/2000\/svg\"><path d=\"M502.3 190.8c3.9-3.1 9.7-.2 9.7 4.7V400c0 26.5-21.5 48-48 48H48c-26.5 0-48-21.5-48-48V195.6c0-5 5.7-7.8 9.7-4.7 22.4 17.4 52.1 39.5 154.1 113.6 21.1 15.4 56.7 47.8 92.2 47.6 35.7.3 72-32.8 92.3-47.6 102-74.1 131.6-96.3 154-113.7zM256 320c23.2.4 56.6-29.2 73.4-41.4 132.7-96.3 142.8-104.7 173.4-128.7 5.8-4.5 9.2-11.5 9.2-18.9v-19c0-26.5-21.5-48-48-48H48C21.5 64 0 85.5 0 112v19c0 7.4 3.4 14.3 9.2 18.9 30.6 23.9 40.7 32.4 173.4 128.7 16.8 12.2 50.2 41.8 73.4 41.4z\"><\/path><\/svg>\t\t\t\t\t\t<\/span>\n\t\t\t\t\t\t\t\t\t\t<span class=\"elementor-icon-list-text\">EMAIL<\/span>\n\t\t\t\t\t\t\t\t\t<\/li>\n\t\t\t\t\t\t<\/ul>\n\t\t\t\t\t\t<\/div>\n\t\t\t\t<\/div>\n\t\t\t\t<div class=\"elementor-element elementor-element-c774791 elementor-widget elementor-widget-text-editor\" data-id=\"c774791\" data-element_type=\"widget\" data-e-type=\"widget\" data-widget_type=\"text-editor.default\">\n\t\t\t\t<div class=\"elementor-widget-container\">\n\t\t\t\t\t\t\t\t\t<div class=\"VoqD8\"><div class=\"eYSAde\">villafiguesetmangos@gmail.com<\/div><\/div><p>\u00a0<\/p>\t\t\t\t\t\t\t\t<\/div>\n\t\t\t\t<\/div>\n\t\t\t\t<div class=\"elementor-element elementor-element-82dc40b elementor-icon-list--layout-traditional elementor-list-item-link-full_width elementor-widget elementor-widget-icon-list\" data-id=\"82dc40b\" data-element_type=\"widget\" data-e-type=\"widget\" data-widget_type=\"icon-list.default\">\n\t\t\t\t<div class=\"elementor-widget-container\">\n\t\t\t\t\t\t\t<ul class=\"elementor-icon-list-items\">\n\t\t\t\t\t\t\t<li class=\"elementor-icon-list-item\">\n\t\t\t\t\t\t\t\t\t\t\t<span class=\"elementor-icon-list-icon\">\n\t\t\t\t\t\t\t<svg aria-hidden=\"true\" class=\"e-font-icon-svg e-fas-phone-alt\" viewBox=\"0 0 512 512\" xmlns=\"http:\/\/www.w3.org\/2000\/svg\"><path d=\"M497.39 361.8l-112-48a24 24 0 0 0-28 6.9l-49.6 60.6A370.66 370.66 0 0 1 130.6 204.11l60.6-49.6a23.94 23.94 0 0 0 6.9-28l-48-112A24.16 24.16 0 0 0 122.6.61l-104 24A24 24 0 0 0 0 48c0 256.5 207.9 464 464 464a24 24 0 0 0 23.4-18.6l24-104a24.29 24.29 0 0 0-14.01-27.6z\"><\/path><\/svg>\t\t\t\t\t\t<\/span>\n\t\t\t\t\t\t\t\t\t\t<span class=\"elementor-icon-list-text\">T\u00e9l\u00e9phone <\/span>\n\t\t\t\t\t\t\t\t\t<\/li>\n\t\t\t\t\t\t<\/ul>\n\t\t\t\t\t\t<\/div>\n\t\t\t\t<\/div>\n\t\t\t\t<div class=\"elementor-element elementor-element-43f53cd elementor-widget elementor-widget-text-editor\" data-id=\"43f53cd\" data-element_type=\"widget\" data-e-type=\"widget\" data-widget_type=\"text-editor.default\">\n\t\t\t\t<div class=\"elementor-widget-container\">\n\t\t\t\t\t\t\t\t\t<p>06 76 68 54 03<\/p>\t\t\t\t\t\t\t\t<\/div>\n\t\t\t\t<\/div>\n\t\t\t\t<div class=\"elementor-element elementor-element-7a85fc3 elementor-icon-list--layout-traditional elementor-list-item-link-full_width elementor-widget elementor-widget-icon-list\" data-id=\"7a85fc3\" data-element_type=\"widget\" data-e-type=\"widget\" data-widget_type=\"icon-list.default\">\n\t\t\t\t<div class=\"elementor-widget-container\">\n\t\t\t\t\t\t\t<ul class=\"elementor-icon-list-items\">\n\t\t\t\t\t\t\t<li class=\"elementor-icon-list-item\">\n\t\t\t\t\t\t\t\t\t\t\t<span class=\"elementor-icon-list-icon\">\n\t\t\t\t\t\t\t<svg aria-hidden=\"true\" class=\"e-font-icon-svg e-fas-map-marker-alt\" viewBox=\"0 0 384 512\" xmlns=\"http:\/\/www.w3.org\/2000\/svg\"><path d=\"M172.268 501.67C26.97 291.031 0 269.413 0 192 0 85.961 85.961 0 192 0s192 85.961 192 192c0 77.413-26.97 99.031-172.268 309.67-9.535 13.774-29.93 13.773-39.464 0zM192 272c44.183 0 80-35.817 80-80s-35.817-80-80-80-80 35.817-80 80 35.817 80 80 80z\"><\/path><\/svg>\t\t\t\t\t\t<\/span>\n\t\t\t\t\t\t\t\t\t\t<span class=\"elementor-icon-list-text\">Adresse<\/span>\n\t\t\t\t\t\t\t\t\t<\/li>\n\t\t\t\t\t\t<\/ul>\n\t\t\t\t\t\t<\/div>\n\t\t\t\t<\/div>\n\t\t\t\t<div class=\"elementor-element elementor-element-9a69007 elementor-widget elementor-widget-text-editor\" data-id=\"9a69007\" data-element_type=\"widget\" data-e-type=\"widget\" data-widget_type=\"text-editor.default\">\n\t\t\t\t<div class=\"elementor-widget-container\">\n\t\t\t\t\t\t\t\t\t<p>431 Rue de L\u2019Anse Figuier, Terre-de-Haut 97137, Guadeloupe<\/p>\t\t\t\t\t\t\t\t<\/div>\n\t\t\t\t<\/div>\n\t\t\t\t<\/div>\n\t\t\t\t\t<\/div>\n\t\t\t\t<\/div>\n\t\t<div class=\"elementor-element elementor-element-e0076f1 e-flex e-con-boxed e-con e-parent\" data-id=\"e0076f1\" data-element_type=\"container\" data-e-type=\"container\" data-settings=\"{&quot;background_background&quot;:&quot;classic&quot;}\">\n\t\t\t\t\t<div class=\"e-con-inner\">\n\t\t\t\t<div class=\"elementor-element elementor-element-f124e8e elementor-button-align-center elementor-widget elementor-widget-form\" data-id=\"f124e8e\" data-element_type=\"widget\" data-e-type=\"widget\" data-settings=\"{&quot;step_next_label&quot;:&quot;Suivant&quot;,&quot;step_previous_label&quot;:&quot;Pr\\u00e9c\\u00e9dent&quot;,&quot;button_width&quot;:&quot;100&quot;,&quot;step_type&quot;:&quot;number_text&quot;,&quot;step_icon_shape&quot;:&quot;circle&quot;}\" data-widget_type=\"form.default\">\n\t\t\t\t<div class=\"elementor-widget-container\">\n\t\t\t\t\t\t\t<form class=\"elementor-form\" method=\"post\" name=\"Contact\" aria-label=\"Contact\">\n\t\t\t<input type=\"hidden\" name=\"post_id\" value=\"17\"\/>\n\t\t\t<input type=\"hidden\" name=\"form_id\" value=\"f124e8e\"\/>\n\t\t\t<input type=\"hidden\" name=\"referer_title\" value=\"Contact - villafiguesetmangos.fr\" \/>\n\n\t\t\t\t\t\t\t<input type=\"hidden\" name=\"queried_id\" value=\"17\"\/>\n\t\t\t\n\t\t\t<div class=\"elementor-form-fields-wrapper elementor-labels-above\">\n\t\t\t\t\t\t\t\t<div class=\"elementor-field-type-text elementor-field-group elementor-column elementor-field-group-name elementor-col-50\">\n\t\t\t\t\t\t\t\t\t\t\t\t\t<input size=\"1\" type=\"text\" name=\"form_fields[name]\" id=\"form-field-name\" class=\"elementor-field elementor-size-sm  elementor-field-textual\" placeholder=\"Nom\">\n\t\t\t\t\t\t\t\t\t\t\t<\/div>\n\t\t\t\t\t\t\t\t<div class=\"elementor-field-type-text elementor-field-group elementor-column elementor-field-group-field_49afe0b elementor-col-50\">\n\t\t\t\t\t\t\t\t\t\t\t\t\t<input size=\"1\" type=\"text\" name=\"form_fields[field_49afe0b]\" id=\"form-field-field_49afe0b\" class=\"elementor-field elementor-size-sm  elementor-field-textual\" placeholder=\"Pr\u00e9nom \">\n\t\t\t\t\t\t\t\t\t\t\t<\/div>\n\t\t\t\t\t\t\t\t<div class=\"elementor-field-type-email elementor-field-group elementor-column elementor-field-group-email elementor-col-50 elementor-field-required\">\n\t\t\t\t\t\t\t\t\t\t\t\t\t<input size=\"1\" type=\"email\" name=\"form_fields[email]\" id=\"form-field-email\" class=\"elementor-field elementor-size-sm  elementor-field-textual\" placeholder=\"Adresse mail \" required=\"required\">\n\t\t\t\t\t\t\t\t\t\t\t<\/div>\n\t\t\t\t\t\t\t\t<div class=\"elementor-field-type-tel elementor-field-group elementor-column elementor-field-group-field_358799a elementor-col-50 elementor-field-required\">\n\t\t\t\t\t\t\t<input size=\"1\" type=\"tel\" name=\"form_fields[field_358799a]\" id=\"form-field-field_358799a\" class=\"elementor-field elementor-size-sm  elementor-field-textual\" placeholder=\"Num\u00e9ro de t\u00e9l\u00e9phone \" required=\"required\" pattern=\"[0-9()#&amp;+*-=.]+\" title=\"Seuls les caract\u00e8res de num\u00e9ros de t\u00e9l\u00e9phone (#, -, *, etc.) sont accept\u00e9s.\">\n\n\t\t\t\t\t\t<\/div>\n\t\t\t\t\t\t\t\t<div class=\"elementor-field-type-date elementor-field-group elementor-column elementor-field-group-field_a917370 elementor-col-50 elementor-field-required\">\n\t\t\t\t\t\n\t\t<input type=\"date\" name=\"form_fields[field_a917370]\" id=\"form-field-field_a917370\" class=\"elementor-field elementor-size-sm  elementor-field-textual elementor-date-field elementor-use-native\" required=\"required\" pattern=\"[0-9]{4}-[0-9]{2}-[0-9]{2}\">\n\t\t\t\t\t\t<\/div>\n\t\t\t\t\t\t\t\t<div class=\"elementor-field-type-number elementor-field-group elementor-column elementor-field-group-field_42c14a2 elementor-col-50 elementor-field-required\">\n\t\t\t\t\t\t\t\t<input type=\"number\" name=\"form_fields[field_42c14a2]\" id=\"form-field-field_42c14a2\" class=\"elementor-field elementor-size-sm  elementor-field-textual\" placeholder=\"Nombres de nuit\u00e9es ( Min 2 nuits ) \" required=\"required\" min=\"2\" max=\"\" >\n\t\t\t\t\t\t<\/div>\n\t\t\t\t\t\t\t\t<div class=\"elementor-field-type-textarea elementor-field-group elementor-column elementor-field-group-message elementor-col-100\">\n\t\t\t\t\t<textarea class=\"elementor-field-textual elementor-field  elementor-size-sm\" name=\"form_fields[message]\" id=\"form-field-message\" rows=\"4\" placeholder=\"Message\"><\/textarea>\t\t\t\t<\/div>\n\t\t\t\t\t\t\t\t<div class=\"elementor-field-group elementor-column elementor-field-type-submit elementor-col-100 e-form__buttons\">\n\t\t\t\t\t<button class=\"elementor-button elementor-size-sm elementor-animation-shrink\" type=\"submit\">\n\t\t\t\t\t\t<span class=\"elementor-button-content-wrapper\">\n\t\t\t\t\t\t\t\t\t\t\t\t\t\t\t\t\t\t\t\t\t\t<span class=\"elementor-button-text\">Envoyer ma demande<\/span>\n\t\t\t\t\t\t\t\t\t\t\t\t\t<\/span>\n\t\t\t\t\t<\/button>\n\t\t\t\t<\/div>\n\t\t\t<\/div>\n\t\t<\/form>\n\t\t\t\t\t\t<\/div>\n\t\t\t\t<\/div>\n\t\t\t\t\t<\/div>\n\t\t\t\t<\/div>\n\t\t\t\t<\/div>\n\t\t","protected":false},"excerpt":{"rendered":"<p>Contactez-nous Pour toute r\u00e9servation ou demande d\u2019informations, veuillez compl\u00e9ter le formulaire ci-dessous et nous reviendrons vers vous dans les plus brefs d\u00e9lais. Nous n\u2019attendons que vous ! EMAIL villafiguesetmangos@gmail.com \u00a0 T\u00e9l\u00e9phone 06 76 68 54 03 Adresse 431 Rue de L\u2019Anse Figuier, Terre-de-Haut 97137, Guadeloupe<\/p>\n","protected":false},"author":1,"featured_media":0,"parent":0,"menu_order":0,"comment_status":"closed","ping_status":"closed","template":"","meta":{"footnotes":""},"class_list":["post-17","page","type-page","status-publish","hentry"],"yoast_head":"<!-- This site is optimized with the Yoast SEO plugin v27.3 - https:\/\/yoast.com\/product\/yoast-seo-wordpress\/ -->\n<title>Contact - villafiguesetmangos.fr<\/title>\n<meta name=\"robots\" content=\"index, follow, max-snippet:-1, max-image-preview:large, max-video-preview:-1\" \/>\n<link rel=\"canonical\" href=\"https:\/\/villafiguesetmangos.fr\/index.php\/contact\/\" \/>\n<meta property=\"og:locale\" content=\"fr_FR\" \/>\n<meta property=\"og:type\" content=\"article\" \/>\n<meta property=\"og:title\" content=\"Contact - villafiguesetmangos.fr\" \/>\n<meta property=\"og:description\" content=\"Contactez-nous Pour toute r\u00e9servation ou demande d\u2019informations, veuillez compl\u00e9ter le formulaire ci-dessous et nous reviendrons vers vous dans les plus brefs d\u00e9lais. Nous n\u2019attendons que vous ! EMAIL villafiguesetmangos@gmail.com \u00a0 T\u00e9l\u00e9phone 06 76 68 54 03 Adresse 431 Rue de L\u2019Anse Figuier, Terre-de-Haut 97137, Guadeloupe\" \/>\n<meta property=\"og:url\" content=\"https:\/\/villafiguesetmangos.fr\/index.php\/contact\/\" \/>\n<meta property=\"og:site_name\" content=\"villafiguesetmangos.fr\" \/>\n<meta property=\"article:modified_time\" content=\"2024-05-28T06:54:46+00:00\" \/>\n<meta property=\"og:image\" content=\"https:\/\/villafiguesetmangos.fr\/wp-content\/uploads\/2024\/01\/kizoa-team-zZWSfYzQTIQ-unsplash-683x1024.jpg\" \/>\n<meta name=\"twitter:card\" content=\"summary_large_image\" \/>\n<meta name=\"twitter:label1\" content=\"Dur\u00e9e de lecture estim\u00e9e\" \/>\n\t<meta name=\"twitter:data1\" content=\"1 minute\" \/>\n<script type=\"application\/ld+json\" class=\"yoast-schema-graph\">{\"@context\":\"https:\\\/\\\/schema.org\",\"@graph\":[{\"@type\":\"WebPage\",\"@id\":\"https:\\\/\\\/villafiguesetmangos.fr\\\/index.php\\\/contact\\\/\",\"url\":\"https:\\\/\\\/villafiguesetmangos.fr\\\/index.php\\\/contact\\\/\",\"name\":\"Contact - villafiguesetmangos.fr\",\"isPartOf\":{\"@id\":\"https:\\\/\\\/villafiguesetmangos.fr\\\/#website\"},\"primaryImageOfPage\":{\"@id\":\"https:\\\/\\\/villafiguesetmangos.fr\\\/index.php\\\/contact\\\/#primaryimage\"},\"image\":{\"@id\":\"https:\\\/\\\/villafiguesetmangos.fr\\\/index.php\\\/contact\\\/#primaryimage\"},\"thumbnailUrl\":\"https:\\\/\\\/villafiguesetmangos.fr\\\/wp-content\\\/uploads\\\/2024\\\/01\\\/kizoa-team-zZWSfYzQTIQ-unsplash-683x1024.jpg\",\"datePublished\":\"2024-01-17T06:48:27+00:00\",\"dateModified\":\"2024-05-28T06:54:46+00:00\",\"breadcrumb\":{\"@id\":\"https:\\\/\\\/villafiguesetmangos.fr\\\/index.php\\\/contact\\\/#breadcrumb\"},\"inLanguage\":\"fr-FR\",\"potentialAction\":[{\"@type\":\"ReadAction\",\"target\":[\"https:\\\/\\\/villafiguesetmangos.fr\\\/index.php\\\/contact\\\/\"]}]},{\"@type\":\"ImageObject\",\"inLanguage\":\"fr-FR\",\"@id\":\"https:\\\/\\\/villafiguesetmangos.fr\\\/index.php\\\/contact\\\/#primaryimage\",\"url\":\"https:\\\/\\\/villafiguesetmangos.fr\\\/wp-content\\\/uploads\\\/2024\\\/01\\\/kizoa-team-zZWSfYzQTIQ-unsplash-scaled.jpg\",\"contentUrl\":\"https:\\\/\\\/villafiguesetmangos.fr\\\/wp-content\\\/uploads\\\/2024\\\/01\\\/kizoa-team-zZWSfYzQTIQ-unsplash-scaled.jpg\",\"width\":1708,\"height\":2560},{\"@type\":\"BreadcrumbList\",\"@id\":\"https:\\\/\\\/villafiguesetmangos.fr\\\/index.php\\\/contact\\\/#breadcrumb\",\"itemListElement\":[{\"@type\":\"ListItem\",\"position\":1,\"name\":\"Accueil\",\"item\":\"https:\\\/\\\/villafiguesetmangos.fr\\\/\"},{\"@type\":\"ListItem\",\"position\":2,\"name\":\"Contact\"}]},{\"@type\":\"WebSite\",\"@id\":\"https:\\\/\\\/villafiguesetmangos.fr\\\/#website\",\"url\":\"https:\\\/\\\/villafiguesetmangos.fr\\\/\",\"name\":\"villafiguesetmangos.fr\",\"description\":\"\",\"publisher\":{\"@id\":\"https:\\\/\\\/villafiguesetmangos.fr\\\/#organization\"},\"potentialAction\":[{\"@type\":\"SearchAction\",\"target\":{\"@type\":\"EntryPoint\",\"urlTemplate\":\"https:\\\/\\\/villafiguesetmangos.fr\\\/?s={search_term_string}\"},\"query-input\":{\"@type\":\"PropertyValueSpecification\",\"valueRequired\":true,\"valueName\":\"search_term_string\"}}],\"inLanguage\":\"fr-FR\"},{\"@type\":\"Organization\",\"@id\":\"https:\\\/\\\/villafiguesetmangos.fr\\\/#organization\",\"name\":\"villafiguesetmangos.fr\",\"url\":\"https:\\\/\\\/villafiguesetmangos.fr\\\/\",\"logo\":{\"@type\":\"ImageObject\",\"inLanguage\":\"fr-FR\",\"@id\":\"https:\\\/\\\/villafiguesetmangos.fr\\\/#\\\/schema\\\/logo\\\/image\\\/\",\"url\":\"https:\\\/\\\/villafiguesetmangos.fr\\\/wp-content\\\/uploads\\\/2024\\\/01\\\/cropped-Capture-decran-2023-12-12-095929-1.png\",\"contentUrl\":\"https:\\\/\\\/villafiguesetmangos.fr\\\/wp-content\\\/uploads\\\/2024\\\/01\\\/cropped-Capture-decran-2023-12-12-095929-1.png\",\"width\":184,\"height\":252,\"caption\":\"villafiguesetmangos.fr\"},\"image\":{\"@id\":\"https:\\\/\\\/villafiguesetmangos.fr\\\/#\\\/schema\\\/logo\\\/image\\\/\"}}]}<\/script>\n<!-- \/ Yoast SEO plugin. -->","yoast_head_json":{"title":"Contact - villafiguesetmangos.fr","robots":{"index":"index","follow":"follow","max-snippet":"max-snippet:-1","max-image-preview":"max-image-preview:large","max-video-preview":"max-video-preview:-1"},"canonical":"https:\/\/villafiguesetmangos.fr\/index.php\/contact\/","og_locale":"fr_FR","og_type":"article","og_title":"Contact - villafiguesetmangos.fr","og_description":"Contactez-nous Pour toute r\u00e9servation ou demande d\u2019informations, veuillez compl\u00e9ter le formulaire ci-dessous et nous reviendrons vers vous dans les plus brefs d\u00e9lais. Nous n\u2019attendons que vous ! EMAIL villafiguesetmangos@gmail.com \u00a0 T\u00e9l\u00e9phone 06 76 68 54 03 Adresse 431 Rue de L\u2019Anse Figuier, Terre-de-Haut 97137, Guadeloupe","og_url":"https:\/\/villafiguesetmangos.fr\/index.php\/contact\/","og_site_name":"villafiguesetmangos.fr","article_modified_time":"2024-05-28T06:54:46+00:00","og_image":[{"url":"https:\/\/villafiguesetmangos.fr\/wp-content\/uploads\/2024\/01\/kizoa-team-zZWSfYzQTIQ-unsplash-683x1024.jpg","type":"","width":"","height":""}],"twitter_card":"summary_large_image","twitter_misc":{"Dur\u00e9e de lecture estim\u00e9e":"1 minute"},"schema":{"@context":"https:\/\/schema.org","@graph":[{"@type":"WebPage","@id":"https:\/\/villafiguesetmangos.fr\/index.php\/contact\/","url":"https:\/\/villafiguesetmangos.fr\/index.php\/contact\/","name":"Contact - villafiguesetmangos.fr","isPartOf":{"@id":"https:\/\/villafiguesetmangos.fr\/#website"},"primaryImageOfPage":{"@id":"https:\/\/villafiguesetmangos.fr\/index.php\/contact\/#primaryimage"},"image":{"@id":"https:\/\/villafiguesetmangos.fr\/index.php\/contact\/#primaryimage"},"thumbnailUrl":"https:\/\/villafiguesetmangos.fr\/wp-content\/uploads\/2024\/01\/kizoa-team-zZWSfYzQTIQ-unsplash-683x1024.jpg","datePublished":"2024-01-17T06:48:27+00:00","dateModified":"2024-05-28T06:54:46+00:00","breadcrumb":{"@id":"https:\/\/villafiguesetmangos.fr\/index.php\/contact\/#breadcrumb"},"inLanguage":"fr-FR","potentialAction":[{"@type":"ReadAction","target":["https:\/\/villafiguesetmangos.fr\/index.php\/contact\/"]}]},{"@type":"ImageObject","inLanguage":"fr-FR","@id":"https:\/\/villafiguesetmangos.fr\/index.php\/contact\/#primaryimage","url":"https:\/\/villafiguesetmangos.fr\/wp-content\/uploads\/2024\/01\/kizoa-team-zZWSfYzQTIQ-unsplash-scaled.jpg","contentUrl":"https:\/\/villafiguesetmangos.fr\/wp-content\/uploads\/2024\/01\/kizoa-team-zZWSfYzQTIQ-unsplash-scaled.jpg","width":1708,"height":2560},{"@type":"BreadcrumbList","@id":"https:\/\/villafiguesetmangos.fr\/index.php\/contact\/#breadcrumb","itemListElement":[{"@type":"ListItem","position":1,"name":"Accueil","item":"https:\/\/villafiguesetmangos.fr\/"},{"@type":"ListItem","position":2,"name":"Contact"}]},{"@type":"WebSite","@id":"https:\/\/villafiguesetmangos.fr\/#website","url":"https:\/\/villafiguesetmangos.fr\/","name":"villafiguesetmangos.fr","description":"","publisher":{"@id":"https:\/\/villafiguesetmangos.fr\/#organization"},"potentialAction":[{"@type":"SearchAction","target":{"@type":"EntryPoint","urlTemplate":"https:\/\/villafiguesetmangos.fr\/?s={search_term_string}"},"query-input":{"@type":"PropertyValueSpecification","valueRequired":true,"valueName":"search_term_string"}}],"inLanguage":"fr-FR"},{"@type":"Organization","@id":"https:\/\/villafiguesetmangos.fr\/#organization","name":"villafiguesetmangos.fr","url":"https:\/\/villafiguesetmangos.fr\/","logo":{"@type":"ImageObject","inLanguage":"fr-FR","@id":"https:\/\/villafiguesetmangos.fr\/#\/schema\/logo\/image\/","url":"https:\/\/villafiguesetmangos.fr\/wp-content\/uploads\/2024\/01\/cropped-Capture-decran-2023-12-12-095929-1.png","contentUrl":"https:\/\/villafiguesetmangos.fr\/wp-content\/uploads\/2024\/01\/cropped-Capture-decran-2023-12-12-095929-1.png","width":184,"height":252,"caption":"villafiguesetmangos.fr"},"image":{"@id":"https:\/\/villafiguesetmangos.fr\/#\/schema\/logo\/image\/"}}]}},"_hostinger_reach_plugin_has_subscription_block":false,"_hostinger_reach_plugin_is_elementor":false,"_links":{"self":[{"href":"https:\/\/villafiguesetmangos.fr\/index.php\/wp-json\/wp\/v2\/pages\/17","targetHints":{"allow":["GET"]}}],"collection":[{"href":"https:\/\/villafiguesetmangos.fr\/index.php\/wp-json\/wp\/v2\/pages"}],"about":[{"href":"https:\/\/villafiguesetmangos.fr\/index.php\/wp-json\/wp\/v2\/types\/page"}],"author":[{"embeddable":true,"href":"https:\/\/villafiguesetmangos.fr\/index.php\/wp-json\/wp\/v2\/users\/1"}],"replies":[{"embeddable":true,"href":"https:\/\/villafiguesetmangos.fr\/index.php\/wp-json\/wp\/v2\/comments?post=17"}],"version-history":[{"count":35,"href":"https:\/\/villafiguesetmangos.fr\/index.php\/wp-json\/wp\/v2\/pages\/17\/revisions"}],"predecessor-version":[{"id":549,"href":"https:\/\/villafiguesetmangos.fr\/index.php\/wp-json\/wp\/v2\/pages\/17\/revisions\/549"}],"wp:attachment":[{"href":"https:\/\/villafiguesetmangos.fr\/index.php\/wp-json\/wp\/v2\/media?parent=17"}],"curies":[{"name":"wp","href":"https:\/\/api.w.org\/{rel}","templated":true}]}}